{"id":14951,"date":"2023-02-16T10:53:50","date_gmt":"2023-02-16T15:53:50","guid":{"rendered":"https:\/\/csdconstruction.qc.ca\/choose-us\/representation\/"},"modified":"2023-05-16T10:47:54","modified_gmt":"2023-05-16T14:47:54","slug":"representation","status":"publish","type":"page","link":"https:\/\/csdconstruction.qc.ca\/en\/choose-us\/representation\/","title":{"rendered":"Representation"},"content":{"rendered":"\n<div class=\"wp-block-group section-top\"><div class=\"wp-block-group__inner-container is-layout-constrained wp-block-group-is-layout-constrained\">\n<div class=\"wp-block-columns is-layout-flex wp-container-core-columns-is-layout-9d6595d7 wp-block-columns-is-layout-flex\">\n<div class=\"wp-block-column is-layout-flow wp-block-column-is-layout-flow\">\n<h2 class=\"wp-block-heading\" style=\"font-style:normal;font-weight:300;text-transform:uppercase\">CSD Construction, the union that belongs to its members<\/h2>\n\n\n\n<h3 class=\"wp-block-heading\" style=\"text-transform:uppercase\">Present at every forum to promote our members\u2019 interests<\/h3>\n\n\n\n<p>At CSD Construction, our main mission is to support our members and defend their rights. Whether we&#8217;re sitting at the negotiating table or walking through a job site, what we do as a union is guided by the priorities our members dictate, which include:<\/p>\n\n\n\n<ul class=\"wp-block-list\">\n<li>The right to full freedom of association<\/li>\n\n\n\n<li>Modernization of the industry<\/li>\n\n\n\n<li>Promotion and access to professional and ongoing training<\/li>\n\n\n\n<li>The social requirement of planning the development of major works\/large sites<\/li>\n\n\n\n<li>Mobilization and awareness for prevention of work accidents and professional illnesses<\/li>\n<\/ul>\n\n\n\n<p>Here are some of the committees CSD Construction sits on to defend your rights and make sure you get the best benefits possible:<\/p>\n\n\n\n<ul class=\"wp-block-list\">\n<li>CCQ board of directors<\/li>\n\n\n\n<li>Various CCQ committees :\n<ul class=\"wp-block-list\">\n<li>Comit\u00e9 de formation professionnelle de l\u2019industrie de la construction (CFPIC), the construction industry professional training committee<\/li>\n\n\n\n<li>Comit\u00e9 des avantages sociaux de l\u2019industrie de la construction (CASIC), the construction industry group benefits association<\/li>\n\n\n\n<li>Comit\u00e9 de Service \u00e0 la client\u00e8le et les communications (SALC), customer service and communications<\/li>\n\n\n\n<li>Comit\u00e9 de promotion des avantages sociaux, the committee for promoting group benefits<\/li>\n\n\n\n<li>Fiers et Comp\u00e9tents<\/li>\n<\/ul>\n<\/li>\n\n\n\n<li>CNESST board of directors<\/li>\n\n\n\n<li>Various schools\u2019 board of directors<\/li>\n\n\n\n<li>ASP Construction board of directors<\/li>\n<\/ul>\n\n\n\n<p>Here to make your voice heard!<\/p>\n\n\n\n<p>See\u00a0<a href=\"https:\/\/csdconstruction.qc.ca\/en\/csd-construction\/our-demands\/\" data-type=\"page\" data-id=\"14744\">CSD Construction&#8217;s demands<\/a>.\u00a0<\/p>\n\n\n\n<div class=\"wp-block-buttons is-layout-flex wp-block-buttons-is-layout-flex\">\n<div class=\"wp-block-button btn-full\"><a class=\"wp-block-button__link has-green-background-color has-background wp-element-button\" href=\"https:\/\/csdconstruction.qc.ca\/en\/become-a-member\/\" style=\"border-radius:0px\">BECOME A MEMBER<\/a><\/div>\n<\/div>\n<\/div>\n\n\n\n<div class=\"wp-block-column is-layout-flow wp-block-column-is-layout-flow\">\n<div class=\"wp-block-group cta-block has-black-background-color has-background\"><div class=\"wp-block-group__inner-container is-layout-constrained wp-block-group-is-layout-constrained\">\n<h3 class=\"has-text-align-center has-beige-color has-text-color wp-block-heading\">Choose CSD Construction<\/h3>\n\n\n\n<div class=\"wp-block-buttons is-content-justification-center is-layout-flex wp-container-core-buttons-is-layout-16018d1d wp-block-buttons-is-layout-flex\">\n<div class=\"wp-block-button btn-full\"><a class=\"wp-block-button__link has-green-background-color has-background wp-element-button\" href=\"\/en\/become-a-member\/\" style=\"border-radius:0px\">Become a member<\/a><\/div>\n<\/div>\n\n\n\n<h3 class=\"has-text-align-center mt-4 has-beige-color has-text-color wp-block-heading\">Get in touch with us<\/h3>\n\n\n\n<div class=\"wp-block-buttons is-content-justification-center is-layout-flex wp-container-core-buttons-is-layout-16018d1d wp-block-buttons-is-layout-flex\">\n<div class=\"wp-block-button btn-full\"><a class=\"wp-block-button__link has-green-background-color has-background wp-element-button\" href=\"\/en\/contact\" style=\"border-radius:0px\">Contact us<\/a><\/div>\n<\/div>\n<\/div><\/div>\n<\/div>\n<\/div>\n<\/div><\/div>\n","protected":false},"excerpt":{"rendered":"<p>CSD Construction, the union that belongs to its members Present at every forum to promote our members\u2019 interests At CSD Construction, our main mission is to support our members and defend their rights. Whether we&#8217;re sitting at the negotiating table or walking through a job site, what we do as a union is guided by [&hellip;]<\/p>\n","protected":false},"author":1,"featured_media":0,"parent":14938,"menu_order":0,"comment_status":"closed","ping_status":"closed","template":"","meta":{"_acf_changed":false,"footnotes":""},"class_list":["post-14951","page","type-page","status-publish","hentry"],"acf":[],"_links":{"self":[{"href":"https:\/\/csdconstruction.qc.ca\/en\/wp-json\/wp\/v2\/pages\/14951","targetHints":{"allow":["GET"]}}],"collection":[{"href":"https:\/\/csdconstruction.qc.ca\/en\/wp-json\/wp\/v2\/pages"}],"about":[{"href":"https:\/\/csdconstruction.qc.ca\/en\/wp-json\/wp\/v2\/types\/page"}],"author":[{"embeddable":true,"href":"https:\/\/csdconstruction.qc.ca\/en\/wp-json\/wp\/v2\/users\/1"}],"replies":[{"embeddable":true,"href":"https:\/\/csdconstruction.qc.ca\/en\/wp-json\/wp\/v2\/comments?post=14951"}],"version-history":[{"count":4,"href":"https:\/\/csdconstruction.qc.ca\/en\/wp-json\/wp\/v2\/pages\/14951\/revisions"}],"predecessor-version":[{"id":15363,"href":"https:\/\/csdconstruction.qc.ca\/en\/wp-json\/wp\/v2\/pages\/14951\/revisions\/15363"}],"up":[{"embeddable":true,"href":"https:\/\/csdconstruction.qc.ca\/en\/wp-json\/wp\/v2\/pages\/14938"}],"wp:attachment":[{"href":"https:\/\/csdconstruction.qc.ca\/en\/wp-json\/wp\/v2\/media?parent=14951"}],"curies":[{"name":"wp","href":"https:\/\/api.w.org\/{rel}","templated":true}]}}