{"id":14891,"date":"2023-02-16T10:20:58","date_gmt":"2023-02-16T15:20:58","guid":{"rendered":"https:\/\/csdconstruction.qc.ca\/member\/formation-et-perfectionnement\/"},"modified":"2026-04-13T22:18:05","modified_gmt":"2026-04-14T02:18:05","slug":"training-courses-and-programs","status":"publish","type":"page","link":"https:\/\/csdconstruction.qc.ca\/en\/member\/training-courses-and-programs\/","title":{"rendered":"Training Courses and Programs"},"content":{"rendered":"\n<div class=\"wp-block-columns section-top is-layout-flex wp-container-core-columns-is-layout-9d6595d7 wp-block-columns-is-layout-flex\">\n<div class=\"wp-block-column is-layout-flow wp-block-column-is-layout-flow\" style=\"flex-basis:50%\">\n<div class=\"wp-block-group\"><div class=\"wp-block-group__inner-container is-layout-constrained wp-block-group-is-layout-constrained\">\n<h2 class=\"wp-block-heading\" style=\"font-style:normal;font-weight:300;text-transform:uppercase\">Over 500 <strong>free<\/strong> construction training courses <strong>in Quebec<\/strong><\/h2>\n\n\n\n<h3 class=\"wp-block-heading\" style=\"text-transform:uppercase\">Register for a <em>COMP\u00c9TENCES CONSTRUCTION<\/em> training<\/h3>\n\n\n\n<p>The construction training program <a href=\"https:\/\/fiersetcompetents.ccq.org\/fr-ca\/\" target=\"_blank\" rel=\"noreferrer noopener\">Comp\u00e9tences Construction<\/a> (formerly called <em>Fiers et comp\u00e9tents<\/em>) is a must for diversifying your skills and making yourself even more employable. <a href=\"https:\/\/fiersetcompetents.ccq.org\/fr-ca\/repertoire-des-formations\">Register<\/a> today &#8211; spots fill up fast!<\/p>\n\n\n\n<h4 class=\"wp-block-heading\">Training courses for every trade and occupation in the construction industry<\/h4>\n\n\n\n<p>Ongoing training activities are for all construction workers that have apprentice, journeyperson, or occupation competency certificates.<\/p>\n\n\n\n<p>Training for all tastes! There are even hands-on trainings that simulate what goes on on a construction site. This wide programming scope gives you the opportunity to learn new techniques, or perfect your skills. Most of all, it helps you stand out on a job site!<\/p>\n\n\n\n<p>Comp\u00e9tences Construction training activities are offered all year long in professional training centres all across Quebec. Visit the <a href=\"http:\/\/fiersetcompetents.ccq.org\/fr-ca\/repertoire-des-formations\">training catalogue<\/a> to register.<\/p>\n\n\n\n<h4 class=\"wp-block-heading\">It&#8217;s free! Get your travel and lodging expenses reimbursed<\/h4>\n\n\n\n<p>Not only are the trainings free, but you can get your travel and lodging expenses reimbursed thanks to the Fonds de formation des salari\u00e9s de l\u2019industrie de la construction (FFSIC). Some conditions apply.<\/p>\n\n\n\n<p>Reimbursement is calculated based on the distance travelled and the training schedule. No surprises! <a href=\"http:\/\/www.fiersetcompetents.com\/mesures-incitatives.html\">You can already calculate<\/a> the amount you&#8217;d be entitled to.<\/p>\n\n\n\n<h4 class=\"wp-block-heading\">Why do a training?<\/h4>\n\n\n\n<p>Construction industry workers aren&#8217;t stuck-in-the-mud. Everybody knows that! And it&#8217;s a good thing, because there are so many opportunities to develop your skills on construction sites.<\/p>\n\n\n\n<p>Are you ambitious? Make the most of these free trainings to perfect your skills and set yourself up for a bright future.<\/p>\n\n\n\n<p>Ongoing training has many benefits:<\/p>\n\n\n\n<ul class=\"wp-block-list\">\n<li>Deepen your knowledge base<\/li>\n\n\n\n<li>Master new techniques<\/li>\n\n\n\n<li>Get familiar with different technologies<\/li>\n\n\n\n<li>Learn a new side of your trade<\/li>\n\n\n\n<li>Develop your skills<\/li>\n<\/ul>\n\n\n\n<p>Stand out thanks to Comp\u00e9tences Construction trainings.<\/p>\n\n\n\n<p><\/p>\n\n\n\n<h4 class=\"wp-block-heading\">Keep an eye out for new trainings<\/h4>\n\n\n\n<p>The CSD Construction team can help you come up with a training plan and let you know when courses are coming. Let us know what you&#8217;re interested in!<\/p>\n\n\n\n<div class=\"wp-block-buttons is-layout-flex wp-block-buttons-is-layout-flex\">\n<div class=\"wp-block-button btn-full\"><a class=\"wp-block-button__link has-beige-color has-green-background-color has-text-color has-background wp-element-button\" href=\"https:\/\/csdconstruction.qc.ca\/en\/csd-construction\/our-team\/\" style=\"border-radius:0px\">Your union advisors<\/a><\/div>\n<\/div>\n<\/div><\/div>\n<\/div>\n\n\n\n<div class=\"wp-block-column is-layout-flow wp-block-column-is-layout-flow\" style=\"flex-basis:50%\">\n<div class=\"wp-block-group cta-block has-black-background-color has-background\"><div class=\"wp-block-group__inner-container is-layout-constrained wp-block-group-is-layout-constrained\">\n<h3 class=\"has-text-align-center has-beige-color has-text-color wp-block-heading\">Get in touch with us<\/h3>\n\n\n\n<div class=\"wp-block-buttons is-content-justification-center is-layout-flex wp-container-core-buttons-is-layout-16018d1d wp-block-buttons-is-layout-flex\">\n<div class=\"wp-block-button btn-full\"><a class=\"wp-block-button__link has-green-background-color has-background wp-element-button\" href=\"\/en\/contact\/\" style=\"border-radius:0px\">Contact us<\/a><\/div>\n<\/div>\n<\/div><\/div>\n\n\n\n<p><\/p>\n<\/div>\n<\/div>\n","protected":false},"excerpt":{"rendered":"<p>Over 500 free construction training courses in Quebec Register for a COMP\u00c9TENCES CONSTRUCTION training The construction training program Comp\u00e9tences Construction (formerly called Fiers et comp\u00e9tents) is a must for diversifying your skills and making yourself even more employable. Register today &#8211; spots fill up fast! Training courses for every trade and occupation in the construction [&hellip;]<\/p>\n","protected":false},"author":1,"featured_media":432853,"parent":14809,"menu_order":0,"comment_status":"closed","ping_status":"closed","template":"","meta":{"_acf_changed":false,"footnotes":""},"class_list":["post-14891","page","type-page","status-publish","has-post-thumbnail","hentry"],"acf":[],"_links":{"self":[{"href":"https:\/\/csdconstruction.qc.ca\/en\/wp-json\/wp\/v2\/pages\/14891","targetHints":{"allow":["GET"]}}],"collection":[{"href":"https:\/\/csdconstruction.qc.ca\/en\/wp-json\/wp\/v2\/pages"}],"about":[{"href":"https:\/\/csdconstruction.qc.ca\/en\/wp-json\/wp\/v2\/types\/page"}],"author":[{"embeddable":true,"href":"https:\/\/csdconstruction.qc.ca\/en\/wp-json\/wp\/v2\/users\/1"}],"replies":[{"embeddable":true,"href":"https:\/\/csdconstruction.qc.ca\/en\/wp-json\/wp\/v2\/comments?post=14891"}],"version-history":[{"count":8,"href":"https:\/\/csdconstruction.qc.ca\/en\/wp-json\/wp\/v2\/pages\/14891\/revisions"}],"predecessor-version":[{"id":432866,"href":"https:\/\/csdconstruction.qc.ca\/en\/wp-json\/wp\/v2\/pages\/14891\/revisions\/432866"}],"up":[{"embeddable":true,"href":"https:\/\/csdconstruction.qc.ca\/en\/wp-json\/wp\/v2\/pages\/14809"}],"wp:featuredmedia":[{"embeddable":true,"href":"https:\/\/csdconstruction.qc.ca\/en\/wp-json\/wp\/v2\/media\/432853"}],"wp:attachment":[{"href":"https:\/\/csdconstruction.qc.ca\/en\/wp-json\/wp\/v2\/media?parent=14891"}],"curies":[{"name":"wp","href":"https:\/\/api.w.org\/{rel}","templated":true}]}}