{"id":14759,"date":"2023-02-16T10:14:33","date_gmt":"2023-02-16T15:14:33","guid":{"rendered":"https:\/\/csdconstruction.qc.ca\/csd-construction\/demands\/lorganisation-du-travail-dans-le-secteur-de-lasphalte\/"},"modified":"2024-04-27T14:48:08","modified_gmt":"2024-04-27T18:48:08","slug":"reviewing-labour-organization-for-asphalt-workers","status":"publish","type":"page","link":"https:\/\/csdconstruction.qc.ca\/en\/csd-construction\/our-demands\/reviewing-labour-organization-for-asphalt-workers\/","title":{"rendered":"Reviewing labour organization for asphalt workers"},"content":{"rendered":"\n<div class=\"wp-block-columns section-top content-wrapper is-layout-flex wp-container-core-columns-is-layout-9d6595d7 wp-block-columns-is-layout-flex\">\n<div class=\"wp-block-column is-layout-flow wp-block-column-is-layout-flow\" style=\"flex-basis:50%\">\n<div class=\"wp-block-group\"><div class=\"wp-block-group__inner-container is-layout-constrained wp-block-group-is-layout-constrained\">\n<h3 class=\"wp-block-heading\" style=\"text-transform:uppercase\">Reviewing labour organization for asphalt workers<\/h3>\n\n\n\n<p>Asphalt workers fix Quebec&#8217;s roads. It&#8217;s a truckload of work! And you&#8217;re under a lot of pressure to work overtime. It&#8217;s time to rethink your labour organization so you can get better working conditions.<\/p>\n\n\n\n<h4 class=\"wp-block-heading\">Start construction on a regional basis<\/h4>\n\n\n\n<p>Weather slows down work on asphalt job sites. Delays start to add up and pressure on workers to do overtime builds. To have a little more flexibility, why not give the go-ahead to get started earlier in the spring in regions where the weather is good enough?<\/p>\n\n\n\n<h4 class=\"wp-block-heading\">Planning for replacement workers<\/h4>\n\n\n\n<p>You have the right to eat and rest just like every other worker in Quebec! Your employer needs to plan ahead and give you morning, noon, and afternoon breaks and provide washrooms.<\/p>\n\n\n\n<h4 class=\"wp-block-heading\">Keeping asphalt workers safe<\/h4>\n\n\n\n<p>Your work on asphalt sites is a seasonal job where the years go by but no two are quite alike. Some of you log 500 working hours while others hit 1,700. But job security isn&#8217;t always part of the equation. A job security clause that&#8217;s tailored to your situation would certainly make this trade more attractive. For example, raising the waiting period for having to hire a worker from 6 to 12 months.<\/p>\n\n\n\n<h4 class=\"wp-block-heading\">Give a raise to gaugemen and racleurs<\/h4>\n\n\n\n<p>Gaugemen (gars de vis) and racleurs do tasks that have direct impacts on the quality of the work. The importance of the role they play should be recognized with a pay increase.<\/p>\n\n\n\n<h4 class=\"wp-block-heading\">Working safely on asphalting sites<\/h4>\n\n\n\n<p>Roadwork sites are the most dangerous in the construction industry. We&#8217;ve been working with the Quebec ministry of transportation (le minist\u00e8re des Transports du Qu\u00e9bec) since 2019 to make workers on road sites safer.<\/p>\n\n\n\n<h4 class=\"wp-block-heading\">Limiting exposure to asphalt fumes<\/h4>\n\n\n\n<p>Do you suffer from headaches, nausea, dizziness or eye or respiratory irritation? You might be affected by toxic offgassing from fresh asphalt.<br><br>High durability asphalt (bitume haute r\u00e9sistance) is being used more and more often but it&#8217;s more harmful to our workers because it contains higher amounts of chemical additives.<br><br>And we don&#8217;t have much information on the toxicity of this new asphalt. Until we get results from the lab department at the workplace health and safety research centre Institut de recherche Robert-Sauv\u00e9 en sant\u00e9 et en s\u00e9curit\u00e9 du travail (IRSST), keep your guard up and try to limit your contact with high durability asphalt.<\/p>\n<\/div><\/div>\n<\/div>\n\n\n\n<div class=\"wp-block-column is-layout-flow wp-block-column-is-layout-flow\" style=\"flex-basis:50%\">\n<div class=\"wp-block-group cta-block has-black-background-color has-background\"><div class=\"wp-block-group__inner-container is-layout-constrained wp-block-group-is-layout-constrained\">\n<h3 class=\"has-text-align-center has-beige-color has-text-color wp-block-heading\">Get in touch with us<\/h3>\n\n\n\n<div class=\"wp-block-buttons is-content-justification-center is-layout-flex wp-container-core-buttons-is-layout-16018d1d wp-block-buttons-is-layout-flex\">\n<div class=\"wp-block-button btn-full\"><a class=\"wp-block-button__link has-green-background-color has-background wp-element-button\" href=\"\/en\/contact\/\" style=\"border-radius:0px\">Contact us<\/a><\/div>\n<\/div>\n<\/div><\/div>\n\n\n\n<p><\/p>\n<\/div>\n<\/div>\n\n\n\n<div class=\"wp-block-group texture-vert-bg\"><div class=\"wp-block-group__inner-container is-layout-constrained wp-block-group-is-layout-constrained\">\n<div class=\"wp-block-group section content-wrapper\"><div class=\"wp-block-group__inner-container is-layout-constrained wp-block-group-is-layout-constrained\">\n<h2 class=\"has-text-align-center has-beige-color has-text-color wp-block-heading\">Consult our demands<\/h2>\n\n\n\n<\/div><\/div>\n<\/div><\/div>\n","protected":false},"excerpt":{"rendered":"<p>Reviewing labour organization for asphalt workers Asphalt workers fix Quebec&#8217;s roads. It&#8217;s a truckload of work! And you&#8217;re under a lot of pressure to work overtime. It&#8217;s time to rethink your labour organization so you can get better working conditions. Start construction on a regional basis Weather slows down work on asphalt job sites. Delays [&hellip;]<\/p>\n","protected":false},"author":1,"featured_media":0,"parent":14744,"menu_order":0,"comment_status":"closed","ping_status":"closed","template":"page-no-wrapper.php","meta":{"_acf_changed":false,"footnotes":""},"class_list":["post-14759","page","type-page","status-publish","hentry"],"acf":[],"_links":{"self":[{"href":"https:\/\/csdconstruction.qc.ca\/en\/wp-json\/wp\/v2\/pages\/14759","targetHints":{"allow":["GET"]}}],"collection":[{"href":"https:\/\/csdconstruction.qc.ca\/en\/wp-json\/wp\/v2\/pages"}],"about":[{"href":"https:\/\/csdconstruction.qc.ca\/en\/wp-json\/wp\/v2\/types\/page"}],"author":[{"embeddable":true,"href":"https:\/\/csdconstruction.qc.ca\/en\/wp-json\/wp\/v2\/users\/1"}],"replies":[{"embeddable":true,"href":"https:\/\/csdconstruction.qc.ca\/en\/wp-json\/wp\/v2\/comments?post=14759"}],"version-history":[{"count":4,"href":"https:\/\/csdconstruction.qc.ca\/en\/wp-json\/wp\/v2\/pages\/14759\/revisions"}],"predecessor-version":[{"id":222682,"href":"https:\/\/csdconstruction.qc.ca\/en\/wp-json\/wp\/v2\/pages\/14759\/revisions\/222682"}],"up":[{"embeddable":true,"href":"https:\/\/csdconstruction.qc.ca\/en\/wp-json\/wp\/v2\/pages\/14744"}],"wp:attachment":[{"href":"https:\/\/csdconstruction.qc.ca\/en\/wp-json\/wp\/v2\/media?parent=14759"}],"curies":[{"name":"wp","href":"https:\/\/api.w.org\/{rel}","templated":true}]}}